{"id":6,"date":"2020-03-03T21:45:51","date_gmt":"2020-03-03T20:45:51","guid":{"rendered":"http:\/\/wordpress2000815.home.pl\/autoinstalator\/wordpressplugins\/?page_id=6"},"modified":"2021-12-20T22:48:35","modified_gmt":"2021-12-20T21:48:35","slug":"strona-glowna","status":"publish","type":"page","link":"https:\/\/www.kupmustanga.pl\/","title":{"rendered":"Strona g\u0142\u00f3wna"},"content":{"rendered":"<p>Witamy na stronie! To jest strona g\u0142\u00f3wna, kt\u00f3r\u0105 zobaczy wi\u0119kszo\u015b\u0107 odwiedzaj\u0105cych, kiedy b\u0119dzie odwiedza\u0107 twoj\u0105 witryn\u0119 po raz pierwszy.<\/p>\n","protected":false},"excerpt":{"rendered":"<p>Witamy na stronie! To jest strona g\u0142\u00f3wna, kt\u00f3r\u0105 zobaczy wi\u0119kszo\u015b\u0107 odwiedzaj\u0105cych, kiedy b\u0119dzie odwiedza\u0107 twoj\u0105 witryn\u0119 po raz pierwszy.<\/p>\n","protected":false},"author":1,"featured_media":0,"parent":0,"menu_order":2,"comment_status":"closed","ping_status":"closed","template":"template-onepage.php","meta":[],"yoast_head":"<!-- This site is optimized with the Yoast SEO plugin v19.8 - https:\/\/yoast.com\/wordpress\/plugins\/seo\/ -->\n<title>KupMustanga.pl - sprzeda\u017c, import samochod\u00f3w Ford Mustang<\/title>\n<meta name=\"description\" content=\"Zajmujemy si\u0119 sprzeda\u017c\u0105 oraz importem samochod\u00f3w Ford Mustang. Nie mog\u0142e\u015b lepiej trafi\u0107, je\u017celi szukasz dla siebie takiego auta. Kup mustanga ju\u017c dzi\u015b!\" \/>\n<meta name=\"robots\" content=\"index, follow, max-snippet:-1, max-image-preview:large, max-video-preview:-1\" \/>\n<link rel=\"canonical\" href=\"https:\/\/www.kupmustanga.pl\/\" \/>\n<meta property=\"og:locale\" content=\"pl_PL\" \/>\n<meta property=\"og:type\" content=\"article\" \/>\n<meta property=\"og:title\" content=\"KupMustanga.pl - sprzeda\u017c, import samochod\u00f3w Ford Mustang\" \/>\n<meta property=\"og:description\" content=\"Zajmujemy si\u0119 sprzeda\u017c\u0105 oraz importem samochod\u00f3w Ford Mustang. Nie mog\u0142e\u015b lepiej trafi\u0107, je\u017celi szukasz dla siebie takiego auta. Kup mustanga ju\u017c dzi\u015b!\" \/>\n<meta property=\"og:url\" content=\"https:\/\/www.kupmustanga.pl\/\" \/>\n<meta property=\"og:site_name\" content=\"KupMustanga.pl\" \/>\n<meta property=\"article:publisher\" content=\"https:\/\/www.facebook.com\/kupmustangapl\/\" \/>\n<meta property=\"article:modified_time\" content=\"2021-12-20T21:48:35+00:00\" \/>\n<meta name=\"twitter:card\" content=\"summary_large_image\" \/>\n<script type=\"application\/ld+json\" class=\"yoast-schema-graph\">{\"@context\":\"https:\/\/schema.org\",\"@graph\":[{\"@type\":\"WebPage\",\"@id\":\"https:\/\/www.kupmustanga.pl\/\",\"url\":\"https:\/\/www.kupmustanga.pl\/\",\"name\":\"KupMustanga.pl - sprzeda\u017c, import samochod\u00f3w Ford Mustang\",\"isPartOf\":{\"@id\":\"https:\/\/www.kupmustanga.pl\/#website\"},\"datePublished\":\"2020-03-03T20:45:51+00:00\",\"dateModified\":\"2021-12-20T21:48:35+00:00\",\"description\":\"Zajmujemy si\u0119 sprzeda\u017c\u0105 oraz importem samochod\u00f3w Ford Mustang. Nie mog\u0142e\u015b lepiej trafi\u0107, je\u017celi szukasz dla siebie takiego auta. Kup mustanga ju\u017c dzi\u015b!\",\"breadcrumb\":{\"@id\":\"https:\/\/www.kupmustanga.pl\/#breadcrumb\"},\"inLanguage\":\"pl-PL\",\"potentialAction\":[{\"@type\":\"ReadAction\",\"target\":[\"https:\/\/www.kupmustanga.pl\/\"]}]},{\"@type\":\"BreadcrumbList\",\"@id\":\"https:\/\/www.kupmustanga.pl\/#breadcrumb\",\"itemListElement\":[{\"@type\":\"ListItem\",\"position\":1,\"name\":\"Strona g\u0142\u00f3wna\",\"item\":\"https:\/\/www.kupmustanga.pl\/\"},{\"@type\":\"ListItem\",\"position\":2,\"name\":\"Strona g\u0142\u00f3wna\"}]},{\"@type\":\"WebSite\",\"@id\":\"https:\/\/www.kupmustanga.pl\/#website\",\"url\":\"https:\/\/www.kupmustanga.pl\/\",\"name\":\"KupMustanga.pl\",\"description\":\"Sprzeda\u017c oraz import samochod\u00f3w Ford Mustang\",\"publisher\":{\"@id\":\"https:\/\/www.kupmustanga.pl\/#organization\"},\"potentialAction\":[{\"@type\":\"SearchAction\",\"target\":{\"@type\":\"EntryPoint\",\"urlTemplate\":\"https:\/\/www.kupmustanga.pl\/?s={search_term_string}\"},\"query-input\":\"required name=search_term_string\"}],\"inLanguage\":\"pl-PL\"},{\"@type\":\"Organization\",\"@id\":\"https:\/\/www.kupmustanga.pl\/#organization\",\"name\":\"KupMustanga.pl\",\"url\":\"https:\/\/www.kupmustanga.pl\/\",\"sameAs\":[\"https:\/\/www.youtube.com\/channel\/UCRkLtuqx9ZkkHhdJIHq2fqA\",\"https:\/\/www.facebook.com\/kupmustangapl\/\"],\"logo\":{\"@type\":\"ImageObject\",\"inLanguage\":\"pl-PL\",\"@id\":\"https:\/\/www.kupmustanga.pl\/#\/schema\/logo\/image\/\",\"url\":\"https:\/\/www.kupmustanga.pl\/wp-content\/uploads\/2020\/04\/Logo_KupMustaga.pl_.png\",\"contentUrl\":\"https:\/\/www.kupmustanga.pl\/wp-content\/uploads\/2020\/04\/Logo_KupMustaga.pl_.png\",\"width\":540,\"height\":442,\"caption\":\"KupMustanga.pl\"},\"image\":{\"@id\":\"https:\/\/www.kupmustanga.pl\/#\/schema\/logo\/image\/\"}}]}<\/script>\n<!-- \/ Yoast SEO plugin. -->","yoast_head_json":{"title":"KupMustanga.pl - sprzeda\u017c, import samochod\u00f3w Ford Mustang","description":"Zajmujemy si\u0119 sprzeda\u017c\u0105 oraz importem samochod\u00f3w Ford Mustang. Nie mog\u0142e\u015b lepiej trafi\u0107, je\u017celi szukasz dla siebie takiego auta. Kup mustanga ju\u017c dzi\u015b!","robots":{"index":"index","follow":"follow","max-snippet":"max-snippet:-1","max-image-preview":"max-image-preview:large","max-video-preview":"max-video-preview:-1"},"canonical":"https:\/\/www.kupmustanga.pl\/","og_locale":"pl_PL","og_type":"article","og_title":"KupMustanga.pl - sprzeda\u017c, import samochod\u00f3w Ford Mustang","og_description":"Zajmujemy si\u0119 sprzeda\u017c\u0105 oraz importem samochod\u00f3w Ford Mustang. Nie mog\u0142e\u015b lepiej trafi\u0107, je\u017celi szukasz dla siebie takiego auta. Kup mustanga ju\u017c dzi\u015b!","og_url":"https:\/\/www.kupmustanga.pl\/","og_site_name":"KupMustanga.pl","article_publisher":"https:\/\/www.facebook.com\/kupmustangapl\/","article_modified_time":"2021-12-20T21:48:35+00:00","twitter_card":"summary_large_image","schema":{"@context":"https:\/\/schema.org","@graph":[{"@type":"WebPage","@id":"https:\/\/www.kupmustanga.pl\/","url":"https:\/\/www.kupmustanga.pl\/","name":"KupMustanga.pl - sprzeda\u017c, import samochod\u00f3w Ford Mustang","isPartOf":{"@id":"https:\/\/www.kupmustanga.pl\/#website"},"datePublished":"2020-03-03T20:45:51+00:00","dateModified":"2021-12-20T21:48:35+00:00","description":"Zajmujemy si\u0119 sprzeda\u017c\u0105 oraz importem samochod\u00f3w Ford Mustang. Nie mog\u0142e\u015b lepiej trafi\u0107, je\u017celi szukasz dla siebie takiego auta. Kup mustanga ju\u017c dzi\u015b!","breadcrumb":{"@id":"https:\/\/www.kupmustanga.pl\/#breadcrumb"},"inLanguage":"pl-PL","potentialAction":[{"@type":"ReadAction","target":["https:\/\/www.kupmustanga.pl\/"]}]},{"@type":"BreadcrumbList","@id":"https:\/\/www.kupmustanga.pl\/#breadcrumb","itemListElement":[{"@type":"ListItem","position":1,"name":"Strona g\u0142\u00f3wna","item":"https:\/\/www.kupmustanga.pl\/"},{"@type":"ListItem","position":2,"name":"Strona g\u0142\u00f3wna"}]},{"@type":"WebSite","@id":"https:\/\/www.kupmustanga.pl\/#website","url":"https:\/\/www.kupmustanga.pl\/","name":"KupMustanga.pl","description":"Sprzeda\u017c oraz import samochod\u00f3w Ford Mustang","publisher":{"@id":"https:\/\/www.kupmustanga.pl\/#organization"},"potentialAction":[{"@type":"SearchAction","target":{"@type":"EntryPoint","urlTemplate":"https:\/\/www.kupmustanga.pl\/?s={search_term_string}"},"query-input":"required name=search_term_string"}],"inLanguage":"pl-PL"},{"@type":"Organization","@id":"https:\/\/www.kupmustanga.pl\/#organization","name":"KupMustanga.pl","url":"https:\/\/www.kupmustanga.pl\/","sameAs":["https:\/\/www.youtube.com\/channel\/UCRkLtuqx9ZkkHhdJIHq2fqA","https:\/\/www.facebook.com\/kupmustangapl\/"],"logo":{"@type":"ImageObject","inLanguage":"pl-PL","@id":"https:\/\/www.kupmustanga.pl\/#\/schema\/logo\/image\/","url":"https:\/\/www.kupmustanga.pl\/wp-content\/uploads\/2020\/04\/Logo_KupMustaga.pl_.png","contentUrl":"https:\/\/www.kupmustanga.pl\/wp-content\/uploads\/2020\/04\/Logo_KupMustaga.pl_.png","width":540,"height":442,"caption":"KupMustanga.pl"},"image":{"@id":"https:\/\/www.kupmustanga.pl\/#\/schema\/logo\/image\/"}}]}},"_links":{"self":[{"href":"https:\/\/www.kupmustanga.pl\/index.php\/wp-json\/wp\/v2\/pages\/6"}],"collection":[{"href":"https:\/\/www.kupmustanga.pl\/index.php\/wp-json\/wp\/v2\/pages"}],"about":[{"href":"https:\/\/www.kupmustanga.pl\/index.php\/wp-json\/wp\/v2\/types\/page"}],"author":[{"embeddable":true,"href":"https:\/\/www.kupmustanga.pl\/index.php\/wp-json\/wp\/v2\/users\/1"}],"replies":[{"embeddable":true,"href":"https:\/\/www.kupmustanga.pl\/index.php\/wp-json\/wp\/v2\/comments?post=6"}],"version-history":[{"count":2,"href":"https:\/\/www.kupmustanga.pl\/index.php\/wp-json\/wp\/v2\/pages\/6\/revisions"}],"predecessor-version":[{"id":4407,"href":"https:\/\/www.kupmustanga.pl\/index.php\/wp-json\/wp\/v2\/pages\/6\/revisions\/4407"}],"wp:attachment":[{"href":"https:\/\/www.kupmustanga.pl\/index.php\/wp-json\/wp\/v2\/media?parent=6"}],"curies":[{"name":"wp","href":"https:\/\/api.w.org\/{rel}","templated":true}]}}